{"id":14180,"date":"2025-02-08T00:15:12","date_gmt":"2025-02-07T23:15:12","guid":{"rendered":"https:\/\/www.dualaktiviert-ruoda.ch\/wordpress\/?post_type=product&#038;p=14180"},"modified":"2025-02-08T00:15:37","modified_gmt":"2025-02-07T23:15:37","slug":"equiclassic-work-buch","status":"publish","type":"product","link":"https:\/\/www.dualaktiviert-ruoda.ch\/wordpress\/produkt\/equiclassic-work-buch\/","title":{"rendered":"EquiClassic-Work Buch"},"content":{"rendered":"","protected":false},"excerpt":{"rendered":"<p><strong>EquiClassic Work \u2013 Klassische Handarbeit f\u00fcr eine harmonische Ausbildung<\/strong><\/p>\n<p>In <em>EquiClassic Work<\/em> fasst Michael Geitner verschiedene bew\u00e4hrte Trainingsprogramme aus der Bodenarbeit zusammen und stellt sein neues \u201eHandarbeitsprogramm\u201c vor. Dieses Konzept erm\u00f6glicht einen einfachen und effektiven Einstieg in die klassische Arbeit an der Hand \u2013 ideal f\u00fcr Reiter, die ihr Pferd gezielt gymnastizieren und auf h\u00f6here Lektionen vorbereiten m\u00f6chten.<\/p>\n<p>Durch eine Kombination aus l\u00f6senden und versammelnden \u00dcbungen wie \u00dcbertreten, Volten, R\u00fcckw\u00e4rtsrichten und Trab an der Hand wird das Pferd optimal gef\u00f6rdert. Die abwechslungsreiche Bodenarbeit verbessert nicht nur die Beweglichkeit und Balance des Pferdes, sondern st\u00e4rkt auch die Kommunikation und das Vertrauen zwischen Mensch und Tier.<\/p>\n<p>Ein wertvoller Leitfaden f\u00fcr alle, die ihr Pferd achtsam und nachhaltig ausbilden m\u00f6chten!<\/p>\n","protected":false},"featured_media":14181,"comment_status":"open","ping_status":"closed","template":"","meta":[],"product_brand":[],"product_cat":[144],"product_tag":[],"class_list":{"0":"post-14180","1":"product","2":"type-product","3":"status-publish","4":"has-post-thumbnail","6":"product_cat-buecher","7":"product_shipping_class-buch","9":"first","10":"instock","11":"shipping-taxable","12":"purchasable","13":"product-type-simple"},"yoast_head":"<!-- This site is optimized with the Yoast SEO plugin v27.1.1 - https:\/\/yoast.com\/product\/yoast-seo-wordpress\/ -->\n<title>EquiClassic-Work Buch - Avada Modern Shop<\/title>\n<meta name=\"robots\" content=\"index, follow, max-snippet:-1, max-image-preview:large, max-video-preview:-1\" \/>\n<link rel=\"canonical\" href=\"https:\/\/www.dualaktiviert-ruoda.ch\/wordpress\/produkt\/equiclassic-work-buch\/\" \/>\n<meta property=\"og:locale\" content=\"de_DE\" \/>\n<meta property=\"og:type\" content=\"article\" \/>\n<meta property=\"og:title\" content=\"EquiClassic-Work Buch - Avada Modern Shop\" \/>\n<meta property=\"og:description\" content=\"EquiClassic Work \u2013 Klassische Handarbeit f\u00fcr eine harmonische Ausbildung  In EquiClassic Work fasst Michael Geitner verschiedene bew\u00e4hrte Trainingsprogramme aus der Bodenarbeit zusammen und stellt sein neues \u201eHandarbeitsprogramm\u201c vor. Dieses Konzept erm\u00f6glicht einen einfachen und effektiven Einstieg in die klassische Arbeit an der Hand \u2013 ideal f\u00fcr Reiter, die ihr Pferd gezielt gymnastizieren und auf h\u00f6here Lektionen vorbereiten m\u00f6chten.  Durch eine Kombination aus l\u00f6senden und versammelnden \u00dcbungen wie \u00dcbertreten, Volten, R\u00fcckw\u00e4rtsrichten und Trab an der Hand wird das Pferd optimal gef\u00f6rdert. Die abwechslungsreiche Bodenarbeit verbessert nicht nur die Beweglichkeit und Balance des Pferdes, sondern st\u00e4rkt auch die Kommunikation und das Vertrauen zwischen Mensch und Tier.  Ein wertvoller Leitfaden f\u00fcr alle, die ihr Pferd achtsam und nachhaltig ausbilden m\u00f6chten!\" \/>\n<meta property=\"og:url\" content=\"https:\/\/www.dualaktiviert-ruoda.ch\/wordpress\/produkt\/equiclassic-work-buch\/\" \/>\n<meta property=\"og:site_name\" content=\"Avada Modern Shop\" \/>\n<meta property=\"article:modified_time\" content=\"2025-02-07T23:15:37+00:00\" \/>\n<meta property=\"og:image\" content=\"https:\/\/www.dualaktiviert-ruoda.ch\/wordpress\/wp-content\/uploads\/2025\/02\/equi-classic-work-buch.jpg\" \/>\n\t<meta property=\"og:image:width\" content=\"353\" \/>\n\t<meta property=\"og:image:height\" content=\"500\" \/>\n\t<meta property=\"og:image:type\" content=\"image\/jpeg\" \/>\n<meta name=\"twitter:card\" content=\"summary_large_image\" \/>\n<meta name=\"twitter:label1\" content=\"Gesch\u00e4tzte Lesezeit\" \/>\n\t<meta name=\"twitter:data1\" content=\"1\u00a0Minute\" \/>\n<script type=\"application\/ld+json\" class=\"yoast-schema-graph\">{\"@context\":\"https:\/\/schema.org\",\"@graph\":[{\"@type\":\"WebPage\",\"@id\":\"https:\/\/www.dualaktiviert-ruoda.ch\/wordpress\/produkt\/equiclassic-work-buch\/\",\"url\":\"https:\/\/www.dualaktiviert-ruoda.ch\/wordpress\/produkt\/equiclassic-work-buch\/\",\"name\":\"EquiClassic-Work Buch - Avada Modern Shop\",\"isPartOf\":{\"@id\":\"https:\/\/www.dualaktiviert-ruoda.ch\/wordpress\/#website\"},\"primaryImageOfPage\":{\"@id\":\"https:\/\/www.dualaktiviert-ruoda.ch\/wordpress\/produkt\/equiclassic-work-buch\/#primaryimage\"},\"image\":{\"@id\":\"https:\/\/www.dualaktiviert-ruoda.ch\/wordpress\/produkt\/equiclassic-work-buch\/#primaryimage\"},\"thumbnailUrl\":\"https:\/\/www.dualaktiviert-ruoda.ch\/wordpress\/wp-content\/uploads\/2025\/02\/equi-classic-work-buch.jpg\",\"datePublished\":\"2025-02-07T23:15:12+00:00\",\"dateModified\":\"2025-02-07T23:15:37+00:00\",\"breadcrumb\":{\"@id\":\"https:\/\/www.dualaktiviert-ruoda.ch\/wordpress\/produkt\/equiclassic-work-buch\/#breadcrumb\"},\"inLanguage\":\"de\",\"potentialAction\":[{\"@type\":\"ReadAction\",\"target\":[\"https:\/\/www.dualaktiviert-ruoda.ch\/wordpress\/produkt\/equiclassic-work-buch\/\"]}]},{\"@type\":\"ImageObject\",\"inLanguage\":\"de\",\"@id\":\"https:\/\/www.dualaktiviert-ruoda.ch\/wordpress\/produkt\/equiclassic-work-buch\/#primaryimage\",\"url\":\"https:\/\/www.dualaktiviert-ruoda.ch\/wordpress\/wp-content\/uploads\/2025\/02\/equi-classic-work-buch.jpg\",\"contentUrl\":\"https:\/\/www.dualaktiviert-ruoda.ch\/wordpress\/wp-content\/uploads\/2025\/02\/equi-classic-work-buch.jpg\",\"width\":353,\"height\":500,\"caption\":\"EquiClassicWork\"},{\"@type\":\"BreadcrumbList\",\"@id\":\"https:\/\/www.dualaktiviert-ruoda.ch\/wordpress\/produkt\/equiclassic-work-buch\/#breadcrumb\",\"itemListElement\":[{\"@type\":\"ListItem\",\"position\":1,\"name\":\"Home\",\"item\":\"https:\/\/www.dualaktiviert-ruoda.ch\/wordpress\/\"},{\"@type\":\"ListItem\",\"position\":2,\"name\":\"Michael Geitner Online-Shop (Schweiz)\",\"item\":\"https:\/\/www.dualaktiviert-ruoda.ch\/wordpress\/shop-schweiz\/\"},{\"@type\":\"ListItem\",\"position\":3,\"name\":\"EquiClassic-Work Buch\"}]},{\"@type\":\"WebSite\",\"@id\":\"https:\/\/www.dualaktiviert-ruoda.ch\/wordpress\/#website\",\"url\":\"https:\/\/www.dualaktiviert-ruoda.ch\/wordpress\/\",\"name\":\"Avada Modern Shop\",\"description\":\"Fr\u00e4nzi Bugini\",\"potentialAction\":[{\"@type\":\"SearchAction\",\"target\":{\"@type\":\"EntryPoint\",\"urlTemplate\":\"https:\/\/www.dualaktiviert-ruoda.ch\/wordpress\/?s={search_term_string}\"},\"query-input\":{\"@type\":\"PropertyValueSpecification\",\"valueRequired\":true,\"valueName\":\"search_term_string\"}}],\"inLanguage\":\"de\"}]}<\/script>\n<!-- \/ Yoast SEO plugin. -->","yoast_head_json":{"title":"EquiClassic-Work Buch - Avada Modern Shop","robots":{"index":"index","follow":"follow","max-snippet":"max-snippet:-1","max-image-preview":"max-image-preview:large","max-video-preview":"max-video-preview:-1"},"canonical":"https:\/\/www.dualaktiviert-ruoda.ch\/wordpress\/produkt\/equiclassic-work-buch\/","og_locale":"de_DE","og_type":"article","og_title":"EquiClassic-Work Buch - Avada Modern Shop","og_description":"EquiClassic Work \u2013 Klassische Handarbeit f\u00fcr eine harmonische Ausbildung  In EquiClassic Work fasst Michael Geitner verschiedene bew\u00e4hrte Trainingsprogramme aus der Bodenarbeit zusammen und stellt sein neues \u201eHandarbeitsprogramm\u201c vor. Dieses Konzept erm\u00f6glicht einen einfachen und effektiven Einstieg in die klassische Arbeit an der Hand \u2013 ideal f\u00fcr Reiter, die ihr Pferd gezielt gymnastizieren und auf h\u00f6here Lektionen vorbereiten m\u00f6chten.  Durch eine Kombination aus l\u00f6senden und versammelnden \u00dcbungen wie \u00dcbertreten, Volten, R\u00fcckw\u00e4rtsrichten und Trab an der Hand wird das Pferd optimal gef\u00f6rdert. Die abwechslungsreiche Bodenarbeit verbessert nicht nur die Beweglichkeit und Balance des Pferdes, sondern st\u00e4rkt auch die Kommunikation und das Vertrauen zwischen Mensch und Tier.  Ein wertvoller Leitfaden f\u00fcr alle, die ihr Pferd achtsam und nachhaltig ausbilden m\u00f6chten!","og_url":"https:\/\/www.dualaktiviert-ruoda.ch\/wordpress\/produkt\/equiclassic-work-buch\/","og_site_name":"Avada Modern Shop","article_modified_time":"2025-02-07T23:15:37+00:00","og_image":[{"width":353,"height":500,"url":"https:\/\/www.dualaktiviert-ruoda.ch\/wordpress\/wp-content\/uploads\/2025\/02\/equi-classic-work-buch.jpg","type":"image\/jpeg"}],"twitter_card":"summary_large_image","twitter_misc":{"Gesch\u00e4tzte Lesezeit":"1\u00a0Minute"},"schema":{"@context":"https:\/\/schema.org","@graph":[{"@type":"WebPage","@id":"https:\/\/www.dualaktiviert-ruoda.ch\/wordpress\/produkt\/equiclassic-work-buch\/","url":"https:\/\/www.dualaktiviert-ruoda.ch\/wordpress\/produkt\/equiclassic-work-buch\/","name":"EquiClassic-Work Buch - Avada Modern Shop","isPartOf":{"@id":"https:\/\/www.dualaktiviert-ruoda.ch\/wordpress\/#website"},"primaryImageOfPage":{"@id":"https:\/\/www.dualaktiviert-ruoda.ch\/wordpress\/produkt\/equiclassic-work-buch\/#primaryimage"},"image":{"@id":"https:\/\/www.dualaktiviert-ruoda.ch\/wordpress\/produkt\/equiclassic-work-buch\/#primaryimage"},"thumbnailUrl":"https:\/\/www.dualaktiviert-ruoda.ch\/wordpress\/wp-content\/uploads\/2025\/02\/equi-classic-work-buch.jpg","datePublished":"2025-02-07T23:15:12+00:00","dateModified":"2025-02-07T23:15:37+00:00","breadcrumb":{"@id":"https:\/\/www.dualaktiviert-ruoda.ch\/wordpress\/produkt\/equiclassic-work-buch\/#breadcrumb"},"inLanguage":"de","potentialAction":[{"@type":"ReadAction","target":["https:\/\/www.dualaktiviert-ruoda.ch\/wordpress\/produkt\/equiclassic-work-buch\/"]}]},{"@type":"ImageObject","inLanguage":"de","@id":"https:\/\/www.dualaktiviert-ruoda.ch\/wordpress\/produkt\/equiclassic-work-buch\/#primaryimage","url":"https:\/\/www.dualaktiviert-ruoda.ch\/wordpress\/wp-content\/uploads\/2025\/02\/equi-classic-work-buch.jpg","contentUrl":"https:\/\/www.dualaktiviert-ruoda.ch\/wordpress\/wp-content\/uploads\/2025\/02\/equi-classic-work-buch.jpg","width":353,"height":500,"caption":"EquiClassicWork"},{"@type":"BreadcrumbList","@id":"https:\/\/www.dualaktiviert-ruoda.ch\/wordpress\/produkt\/equiclassic-work-buch\/#breadcrumb","itemListElement":[{"@type":"ListItem","position":1,"name":"Home","item":"https:\/\/www.dualaktiviert-ruoda.ch\/wordpress\/"},{"@type":"ListItem","position":2,"name":"Michael Geitner Online-Shop (Schweiz)","item":"https:\/\/www.dualaktiviert-ruoda.ch\/wordpress\/shop-schweiz\/"},{"@type":"ListItem","position":3,"name":"EquiClassic-Work Buch"}]},{"@type":"WebSite","@id":"https:\/\/www.dualaktiviert-ruoda.ch\/wordpress\/#website","url":"https:\/\/www.dualaktiviert-ruoda.ch\/wordpress\/","name":"Avada Modern Shop","description":"Fr\u00e4nzi Bugini","potentialAction":[{"@type":"SearchAction","target":{"@type":"EntryPoint","urlTemplate":"https:\/\/www.dualaktiviert-ruoda.ch\/wordpress\/?s={search_term_string}"},"query-input":{"@type":"PropertyValueSpecification","valueRequired":true,"valueName":"search_term_string"}}],"inLanguage":"de"}]}},"jetpack_sharing_enabled":true,"_links":{"self":[{"href":"https:\/\/www.dualaktiviert-ruoda.ch\/wordpress\/wp-json\/wp\/v2\/product\/14180","targetHints":{"allow":["GET"]}}],"collection":[{"href":"https:\/\/www.dualaktiviert-ruoda.ch\/wordpress\/wp-json\/wp\/v2\/product"}],"about":[{"href":"https:\/\/www.dualaktiviert-ruoda.ch\/wordpress\/wp-json\/wp\/v2\/types\/product"}],"replies":[{"embeddable":true,"href":"https:\/\/www.dualaktiviert-ruoda.ch\/wordpress\/wp-json\/wp\/v2\/comments?post=14180"}],"wp:featuredmedia":[{"embeddable":true,"href":"https:\/\/www.dualaktiviert-ruoda.ch\/wordpress\/wp-json\/wp\/v2\/media\/14181"}],"wp:attachment":[{"href":"https:\/\/www.dualaktiviert-ruoda.ch\/wordpress\/wp-json\/wp\/v2\/media?parent=14180"}],"wp:term":[{"taxonomy":"product_brand","embeddable":true,"href":"https:\/\/www.dualaktiviert-ruoda.ch\/wordpress\/wp-json\/wp\/v2\/product_brand?post=14180"},{"taxonomy":"product_cat","embeddable":true,"href":"https:\/\/www.dualaktiviert-ruoda.ch\/wordpress\/wp-json\/wp\/v2\/product_cat?post=14180"},{"taxonomy":"product_tag","embeddable":true,"href":"https:\/\/www.dualaktiviert-ruoda.ch\/wordpress\/wp-json\/wp\/v2\/product_tag?post=14180"}],"curies":[{"name":"wp","href":"https:\/\/api.w.org\/{rel}","templated":true}]}}